{"id":53,"date":"2016-11-06T21:33:47","date_gmt":"2016-11-06T21:33:47","guid":{"rendered":"http:\/\/esmaior.pt\/tvnamaior\/?page_id=53"},"modified":"2019-01-31T11:37:22","modified_gmt":"2019-01-31T11:37:22","slug":"noticias","status":"publish","type":"page","link":"https:\/\/www.esmaior.pt\/tvnamaior\/index.php\/noticias\/","title":{"rendered":"NOT\u00cdCIAS"},"content":{"rendered":"<p>Document\u00e1rio &#8220;Tascas da Ribeira de Viana: testemunhos de mudan\u00e7a&#8221; ganha Men\u00e7\u00e3o Honrosa no Pr\u00e9mio M\u00e1rio Ruivo.<\/p>\n<p><a href=\"https:\/\/www.premiomarioruivo.pt\/videos\">https:\/\/www.premiomarioruivo.pt\/videos<\/a><\/p>\n<p>&nbsp;<\/p>\n<p><iframe loading=\"lazy\" title=\"2 Noticiario\" src=\"https:\/\/player.vimeo.com\/video\/201927248?dnt=1&amp;app_id=122963\" width=\"800\" height=\"450\" frameborder=\"0\" allow=\"autoplay; fullscreen; picture-in-picture\" allowfullscreen><\/iframe><\/p>\n<p>A Tv na Maior continua a reportar as not\u00edcias do Agrupamento. Neste notici\u00e1rio ficar\u00e1 a conhecer o Gabinete de Apoio aos Jovens, as novidades do desporto escolar e as atividades da biblioteca sobre os Direitos Humanos. As festividades tamb\u00e9m foram contempladas, acompanhando as campanhas de Natal Solid\u00e1rio, a festa &#8220;Palavrar&#8221; e a gala de entrega dos Diplomas de M\u00e9rito. Como\u00a0apontamento art\u00edstico final,\u00a0os\u00a0trabalhos de Artes Visuais.<\/p>\n<p>&nbsp;<\/p>\n<p><iframe loading=\"lazy\" title=\"Notici&amp;aacute;rio TV NA MAIOR\" src=\"https:\/\/player.vimeo.com\/video\/197793244?dnt=1&amp;app_id=122963\" width=\"800\" height=\"450\" frameborder=\"0\" allow=\"autoplay; fullscreen; picture-in-picture\" allowfullscreen><\/iframe><\/p>\n<p>Assista ao primeiro notici\u00e1rio da TV na Maior e fique a par dos mais recentes\u00a0estudos realizados, eventos, apresenta\u00e7\u00f5es, projetos e exposi\u00e7\u00f5es do Agrupamento.<\/p>\n<p>&nbsp;<\/p>\n<p>&nbsp;<\/p>\n<p>&nbsp;<\/p>\n<p><iframe loading=\"lazy\" title=\"RTP na Biblioteca Maior\" width=\"800\" height=\"450\" src=\"https:\/\/www.youtube.com\/embed\/xSMrY_x-xQw?feature=oembed\" frameborder=\"0\" allow=\"accelerometer; autoplay; clipboard-write; encrypted-media; gyroscope; picture-in-picture\" allowfullscreen><\/iframe><\/p>\n<p>A Biblioteca da MAIOR recebeu a RTP no \u00e2mbito da comemora\u00e7\u00e3o do M\u00eas Internacional das Bibliotecas Escolares.<\/p>\n<p>&nbsp;<\/p>\n<p>&nbsp;<\/p>\n<p>&nbsp;<\/p>\n<p><iframe loading=\"lazy\" title=\"Discurso Ministro Educac\u0327a\u0303o\" src=\"https:\/\/player.vimeo.com\/video\/193288847?dnt=1&amp;app_id=122963\" width=\"800\" height=\"573\" frameborder=\"0\" allow=\"autoplay; fullscreen; picture-in-picture\" allowfullscreen><\/iframe><\/p>\n<p>O atual Ministro da Educa\u00e7\u00e3o Tiago Brand\u00e3o Rodrigues realizou uma visita \u00e0 MAIOR.<\/p>\n<p>&nbsp;<\/p>\n","protected":false},"excerpt":{"rendered":"<p>Document\u00e1rio &#8220;Tascas da Ribeira de Viana: testemunhos de mudan\u00e7a&#8221; ganha Men\u00e7\u00e3o Honrosa no Pr\u00e9mio M\u00e1rio Ruivo. https:\/\/www.premiomarioruivo.pt\/videos &nbsp; A Tv<\/p>\n","protected":false},"author":1,"featured_media":0,"parent":0,"menu_order":0,"comment_status":"closed","ping_status":"closed","template":"","meta":[],"_links":{"self":[{"href":"https:\/\/www.esmaior.pt\/tvnamaior\/index.php\/wp-json\/wp\/v2\/pages\/53"}],"collection":[{"href":"https:\/\/www.esmaior.pt\/tvnamaior\/index.php\/wp-json\/wp\/v2\/pages"}],"about":[{"href":"https:\/\/www.esmaior.pt\/tvnamaior\/index.php\/wp-json\/wp\/v2\/types\/page"}],"author":[{"embeddable":true,"href":"https:\/\/www.esmaior.pt\/tvnamaior\/index.php\/wp-json\/wp\/v2\/users\/1"}],"replies":[{"embeddable":true,"href":"https:\/\/www.esmaior.pt\/tvnamaior\/index.php\/wp-json\/wp\/v2\/comments?post=53"}],"version-history":[{"count":17,"href":"https:\/\/www.esmaior.pt\/tvnamaior\/index.php\/wp-json\/wp\/v2\/pages\/53\/revisions"}],"predecessor-version":[{"id":187,"href":"https:\/\/www.esmaior.pt\/tvnamaior\/index.php\/wp-json\/wp\/v2\/pages\/53\/revisions\/187"}],"wp:attachment":[{"href":"https:\/\/www.esmaior.pt\/tvnamaior\/index.php\/wp-json\/wp\/v2\/media?parent=53"}],"curies":[{"name":"wp","href":"https:\/\/api.w.org\/{rel}","templated":true}]}}